{"id":3,"date":"2021-03-25T13:28:43","date_gmt":"2021-03-25T13:28:43","guid":{"rendered":"https:\/\/niunapalabraanadie.com\/blockrealestatebcn\/?page_id=3"},"modified":"2021-03-25T21:02:40","modified_gmt":"2021-03-25T21:02:40","slug":"privacy-policy","status":"publish","type":"page","link":"https:\/\/blockrealestatebcn.com\/index.php\/privacy-policy\/","title":{"rendered":"Privacy Policy"},"content":{"rendered":"<p>[vc_row row_height_percent=\u00bb0&#8243; override_padding=\u00bbyes\u00bb h_padding=\u00bb7&#8243; top_padding=\u00bb3&#8243; bottom_padding=\u00bb2&#8243; overlay_alpha=\u00bb50&#8243; gutter_size=\u00bb3&#8243; column_width_percent=\u00bb100&#8243; shift_y=\u00bb0&#8243; z_index=\u00bb0&#8243;][vc_column column_width_percent=\u00bb100&#8243; gutter_size=\u00bb3&#8243; overlay_alpha=\u00bb50&#8243; shift_x=\u00bb0&#8243; shift_y=\u00bb0&#8243; z_index=\u00bb0&#8243; medium_width=\u00bb0&#8243;][vc_custom_heading text_size=\u00bbh4&#8243; text_weight=\u00bb800&#8243; text_space=\u00bbfontspace-781688&#8243;]<strong>1. TITULARIDAD DE LA WEB<\/strong>[\/vc_custom_heading][vc_column_text]<\/p>\n<p class=\"p2\">La p\u00e1gina web \u201c<a href=\"https:\/\/blockrealestatebcn.com\">https:\/\/blockrealestatebcn.com<\/a>\u201d es titularidad de BLOCK REAL ESTATE, S.L. (en lo sucesivo Block), sociedad mercantil con domicilio sito en calle Direcci\u00f3n FISCAL, con NIF: XXXXXXXXX, inscrita en el Registro Mercantil de Barcelona. E-mail de contacto:<\/p>\n<p>[\/vc_column_text][\/vc_column][\/vc_row][vc_row row_height_percent=\u00bb0&#8243; override_padding=\u00bbyes\u00bb h_padding=\u00bb7&#8243; top_padding=\u00bb2&#8243; bottom_padding=\u00bb2&#8243; overlay_alpha=\u00bb50&#8243; gutter_size=\u00bb3&#8243; column_width_percent=\u00bb100&#8243; shift_y=\u00bb0&#8243; z_index=\u00bb0&#8243;][vc_column column_width_percent=\u00bb100&#8243; gutter_size=\u00bb3&#8243; overlay_alpha=\u00bb50&#8243; shift_x=\u00bb0&#8243; shift_y=\u00bb0&#8243; z_index=\u00bb0&#8243; medium_width=\u00bb0&#8243;][vc_custom_heading text_size=\u00bbh4&#8243; text_weight=\u00bb800&#8243; text_space=\u00bbfontspace-781688&#8243;]<strong>2. ALCANCE DEL AVISO LEGAL<\/strong>[\/vc_custom_heading][vc_column_text]<\/p>\n<p class=\"p2\">Este aviso legal establece las condiciones generales que regulan tanto el acceso, como la navegaci\u00f3n, as\u00ed como el uso de los contenidos de la presente web.<\/p>\n<p class=\"p2\">La informaci\u00f3n contenida en esta p\u00e1gina web hace referencia a los servicios comercializados por Block. Esta informaci\u00f3n s\u00f3lo es a efectos enunciativos y en modo alguno constituye una oferta vinculante que obligue al usuario a contratar los servicios. Block se reserva el derecho de modificar la informaci\u00f3n aqu\u00ed contenida cuando lo estime conveniente y sin previo aviso, no siendo responsable de la exactitud, insuficiencia o autenticidad de la informaci\u00f3n suministrada.<\/p>\n<p class=\"p2\">A su vez se reserva el derecho a modificar el contenido del presente aviso legal. Por tanto, el Usuario debe leer atentamente el presente Aviso Legal en cada una de las ocasiones en que se proponga utilizar el sitio Web, ya que \u00e9ste y sus condiciones de uso recogidas en el presente Aviso Legal pueden sufrir modificaciones<\/p>\n<p class=\"p2\">La prestaci\u00f3n del servicio de este sitio Web tiene una duraci\u00f3n limitada al momento en el que el Usuario se encuentre conectado al sitio Web o a alguno de los servicios que a trav\u00e9s del mismo se facilitan.<\/p>\n<p>[\/vc_column_text][\/vc_column][\/vc_row][vc_row row_height_percent=\u00bb0&#8243; override_padding=\u00bbyes\u00bb h_padding=\u00bb7&#8243; top_padding=\u00bb2&#8243; bottom_padding=\u00bb2&#8243; overlay_alpha=\u00bb50&#8243; gutter_size=\u00bb3&#8243; column_width_percent=\u00bb100&#8243; shift_y=\u00bb0&#8243; z_index=\u00bb0&#8243;][vc_column column_width_percent=\u00bb100&#8243; gutter_size=\u00bb3&#8243; overlay_alpha=\u00bb50&#8243; shift_x=\u00bb0&#8243; shift_y=\u00bb0&#8243; z_index=\u00bb0&#8243; medium_width=\u00bb0&#8243;][vc_custom_heading text_size=\u00bbh4&#8243; text_weight=\u00bb800&#8243; text_space=\u00bbfontspace-781688&#8243;]<strong>3. CONDICIONES DEL USO DE LA WEB<\/strong>[\/vc_custom_heading][vc_column_text]<\/p>\n<p class=\"p2\">Con el simple acceso, la navegaci\u00f3n o la utilizaci\u00f3n de la p\u00e1gina web, se tiene la condici\u00f3n de usuario. El usuario acepta de forma plena y sin ning\u00fan tipo de reserva las condiciones contenidas en el presente aviso legal.<\/p>\n<p class=\"p2\">El usuario se compromete a utilizar el sitio web junto con sus servicios y contenidos, de forma l\u00edcita, de acuerdo con la legislaci\u00f3n vigente, los usos generalmente aceptados, la buena fe y el orden p\u00fablico.<\/p>\n<p class=\"p2\">El usuario se compromete a no realizar acciones que puedan causar da\u00f1os a la p\u00e1gina web, inutiliz\u00e1ndola, sobrecarg\u00e1ndola o deterior\u00e1ndola de cualquier manera, o impidiendo a los dem\u00e1s usuarios el libre acceso, utilizaci\u00f3n o disfrute de la p\u00e1gina web.<\/p>\n<p>[\/vc_column_text][\/vc_column][\/vc_row][vc_row row_height_percent=\u00bb0&#8243; override_padding=\u00bbyes\u00bb h_padding=\u00bb7&#8243; top_padding=\u00bb2&#8243; bottom_padding=\u00bb2&#8243; overlay_alpha=\u00bb50&#8243; gutter_size=\u00bb3&#8243; column_width_percent=\u00bb100&#8243; shift_y=\u00bb0&#8243; z_index=\u00bb0&#8243;][vc_column column_width_percent=\u00bb100&#8243; gutter_size=\u00bb3&#8243; overlay_alpha=\u00bb50&#8243; shift_x=\u00bb0&#8243; shift_y=\u00bb0&#8243; z_index=\u00bb0&#8243; medium_width=\u00bb0&#8243;][vc_custom_heading text_size=\u00bbh4&#8243; text_weight=\u00bb800&#8243; text_space=\u00bbfontspace-781688&#8243;]<strong>4. PROPIEDAD INTELECTUAL Y USO DE CONTENIDOS<\/strong>[\/vc_custom_heading][vc_column_text]<\/p>\n<p class=\"p2\">Block es titular de los derechos de propiedad intelectual e industrial de esta p\u00e1gina web y de todos sus contenidos (a t\u00edtulo meramente enunciativo: textos, fotograf\u00edas y dem\u00e1s contenidos audiovisuales, software, dise\u00f1o gr\u00e1fico, etc.) o cuenta con la correspondiente licencia o autorizaci\u00f3n para su uso. El acceso a la navegaci\u00f3n por y el uso de este sitio web por parte del usuario no implican en ning\u00fan caso renuncia, transmisi\u00f3n, licencia ni cesi\u00f3n total o parcial de aqu\u00e9llos.<\/p>\n<p class=\"p2\">Queda prohibido reproducir, modificar, reutilizar, explotar, comunicar p\u00fablicamente, cargar archivos, enviar por correo, transmitir, usar, tratar o distribuir de cualquier forma la totalidad o parte de los contenidos incluidos en esta p\u00e1gina web para prop\u00f3sitos p\u00fablicos o comerciales, si no se cuenta con la autorizaci\u00f3n expresa y por escrito de Block. El logotipo \u201cBLOCK\u201d es una marca registrada propiedad de Block. Queda totalmente prohibida su reproducci\u00f3n o uso sin la autorizaci\u00f3n por escrito de su titular.<\/p>\n<p>[\/vc_column_text][\/vc_column][\/vc_row][vc_row row_height_percent=\u00bb0&#8243; override_padding=\u00bbyes\u00bb h_padding=\u00bb7&#8243; top_padding=\u00bb2&#8243; bottom_padding=\u00bb2&#8243; overlay_alpha=\u00bb50&#8243; gutter_size=\u00bb3&#8243; column_width_percent=\u00bb100&#8243; shift_y=\u00bb0&#8243; z_index=\u00bb0&#8243;][vc_column column_width_percent=\u00bb100&#8243; gutter_size=\u00bb3&#8243; overlay_alpha=\u00bb50&#8243; shift_x=\u00bb0&#8243; shift_y=\u00bb0&#8243; z_index=\u00bb0&#8243; medium_width=\u00bb0&#8243;][vc_custom_heading text_size=\u00bbh4&#8243; text_weight=\u00bb800&#8243; text_space=\u00bbfontspace-781688&#8243;]<strong>5. LINKS<\/strong>[\/vc_custom_heading][vc_column_text]<\/p>\n<h5 class=\"p2\"><strong>5.1. ENLACES A OTRAS P\u00c1GINAS WEB EXTERNAS<\/strong><\/h5>\n<p class=\"p2\">Block rechaza toda responsabilidad sobre toda informaci\u00f3n presente en la World Wide Web no elaborada por Block o no publicada bajo su nombre. La p\u00e1gina web puede contener enlaces de hipertexto hacia otras p\u00e1ginas de la World Wide Web que son completamente independientes de esta p\u00e1gina web. Block no responder\u00e1 o garantizar\u00e1, en modo alguno, la exactitud, insuficiencia o autenticidad de la informaci\u00f3n suministrada por cualquier persona o entidad, f\u00edsica o jur\u00eddica, con o sin personalidad jur\u00eddica propia, a trav\u00e9s de dichos enlaces de hipertexto.<\/p>\n<h5 class=\"p2\"><strong>5.2. ENLACES EXTERNOS CON DESTINO A LAS P\u00c1GINAS WEB DE BLACKSTONE<\/strong><\/h5>\n<p class=\"p2\">Si cualquier otro sitio web, usuario o entidad, deseara establecer un link con destino a \u201c<a href=\"https:\/\/blockrealestatebcn.com\">https:\/\/blockrealestatebcn.com<\/a>\u201d, este enlace deber\u00e1 someterse a las condiciones que a continuaci\u00f3n se detallan:<\/p>\n<ol>\n<li class=\"p2\">El link ir\u00e1 dirigido a la p\u00e1gina principal o a cualquiera de sus secciones. El link, en cualquier caso debe ser absoluto y completo llevando al usuario con un solo clic a la URL de la p\u00e1gina principal o a la URL de cualquiera de sus secciones. El link deber\u00e1 abarcar toda la extensi\u00f3n de pantalla del portal de \u201c<a href=\"https:\/\/blockrealestatebcn.com\">https:\/\/blockrealestatebcn.com<\/a>\u201c<\/li>\n<li class=\"p2\">En ning\u00fan caso, salvo expresa autorizaci\u00f3n por escrito por parte de Block, el sitio web que establece el enlace podr\u00e1 reproducir de cualquier manera \u201c<a href=\"https:\/\/blockrealestatebcn.com\">https:\/\/blockrealestatebcn.com<\/a>\u201c, incluy\u00e9ndolo como parte integrante de su web, utilizando marcos, redireccionamientos o cualquier otra medida que suponga ocultar el origen de la informaci\u00f3n.<\/li>\n<li class=\"p2\">No se autoriza el establecimiento de links a \u201c<a href=\"https:\/\/blockrealestatebcn.com\">https:\/\/blockrealestatebcn.com<\/a>\u201c, desde sitios web que contengan contenidos il\u00edcitos, ilegales, degradantes u obscenos, contraviniendo la moral o el orden p\u00fablico.<\/li>\n<\/ol>\n<p class=\"p2\">El servicio de acceso al sitio Web incluye dispositivos t\u00e9cnicos de enlace, directorios e incluso instrumentos de b\u00fasqueda que permiten al Usuario acceder a otras p\u00e1ginas y portales de Internet (en adelante, \u2018Sitios Enlazados\u2019). En estos casos, Block act\u00faa como prestador de servicios de intermediaci\u00f3n de conformidad con el art\u00edculo 17 de la LSSI-CE y s\u00f3lo ser\u00e1 responsable de los contenidos y servicios suministrados en los Sitios Enlazados en la medida en que tenga conocimiento efectivo de la ilicitud y no haya desactivado el enlace con la diligencia debida. En el supuesto de que el Usuario considere que existe un Sitio Enlazado con contenidos il\u00edcitos o inadecuados podr\u00e1 comunic\u00e1rselo a Block enviando un mensaje a toni@blackstonebarcelona.com, sin que en ning\u00fan caso esta comunicaci\u00f3n conlleve la obligaci\u00f3n de retirar el correspondiente enlace.<\/p>\n<p class=\"p2\">En ning\u00fan caso, la existencia de Sitios Enlazados debe presuponer la existencia de acuerdos con los responsables o titulares de los mismos, ni la recomendaci\u00f3n, promoci\u00f3n o identificaci\u00f3n de Block con las manifestaciones, contenidos o servicios prove\u00eddos.<\/p>\n<p class=\"p2\">Block no conoce los contenidos y servicios de los Sitios Enlazados y por tanto no se hace responsable por los da\u00f1os producidos por la ilicitud, calidad, desactualizaci\u00f3n, indisponibilidad, error e inutilidad de los contenidos y\/o servicios de los Sitios Enlazados ni por cualquier otro da\u00f1o que no sea directamente imputable a Block.<\/p>\n<p>[\/vc_column_text][\/vc_column][\/vc_row][vc_row row_height_percent=\u00bb0&#8243; override_padding=\u00bbyes\u00bb h_padding=\u00bb7&#8243; top_padding=\u00bb2&#8243; bottom_padding=\u00bb2&#8243; overlay_alpha=\u00bb50&#8243; gutter_size=\u00bb3&#8243; column_width_percent=\u00bb100&#8243; shift_y=\u00bb0&#8243; z_index=\u00bb0&#8243;][vc_column column_width_percent=\u00bb100&#8243; gutter_size=\u00bb3&#8243; overlay_alpha=\u00bb50&#8243; shift_x=\u00bb0&#8243; shift_y=\u00bb0&#8243; z_index=\u00bb0&#8243; medium_width=\u00bb0&#8243;][vc_custom_heading text_size=\u00bbh4&#8243; text_weight=\u00bb800&#8243; text_space=\u00bbfontspace-781688&#8243;]<strong>6. EXCLUSI\u00d3N DE RESPONSABILIDAD<\/strong>[\/vc_custom_heading][vc_column_text]<\/p>\n<p class=\"p2\">La responsabilidad en el uso de este Sitio Web corresponde de forma \u00fanica y exclusiva al Usuario.<\/p>\n<p class=\"p2\">Block no se hace responsable, en ning\u00fan caso, de los da\u00f1os y perjuicios de cualquier naturaleza que pudieran causarse por:<\/p>\n<ol>\n<li class=\"p2\">La no disponibilidad, mantenimiento y funcionamiento de el Sitio web o de sus servicios o contenidos, ya que requiere de suministros y servicios de terceros.<\/li>\n<li class=\"p2\">Los errores y omisiones en la informaci\u00f3n publicada as\u00ed como la falta de utilidad, adecuaci\u00f3n o validez del sitio web o de sus servicios o contenidos para satisfacer necesidades, actividades o resultados concretos o expectativas de los Usuarios.<\/li>\n<\/ol>\n<p class=\"p2\">El acceso al Portal no implica la obligaci\u00f3n por parte de Block de controlar la ausencia de virus o cualquier otro elemento inform\u00e1tico da\u00f1ino. Corresponde al Usuario, en todo caso, la disponibilidad de herramientas adecuadas para la detecci\u00f3n y desinfecci\u00f3n de programas<\/p>\n<p class=\"p2\">inform\u00e1ticos da\u00f1inos. Block no se responsabiliza de los da\u00f1os producidos en los equipos inform\u00e1ticos de los Usuarios o de terceros durante el uso del sitio WEB.<\/p>\n<p>[\/vc_column_text][\/vc_column][\/vc_row]<\/p>\n<p>[vc_row row_height_percent=\u00bb0&#8243; override_padding=\u00bbyes\u00bb h_padding=\u00bb7&#8243; top_padding=\u00bb2&#8243; bottom_padding=\u00bb4&#8243; overlay_alpha=\u00bb50&#8243; gutter_size=\u00bb3&#8243; column_width_percent=\u00bb100&#8243; shift_y=\u00bb0&#8243; z_index=\u00bb0&#8243;][vc_column column_width_percent=\u00bb100&#8243; gutter_size=\u00bb3&#8243; overlay_alpha=\u00bb50&#8243; shift_x=\u00bb0&#8243; shift_y=\u00bb0&#8243; z_index=\u00bb0&#8243; medium_width=\u00bb0&#8243;][vc_custom_heading text_size=\u00bbh4&#8243; text_weight=\u00bb800&#8243; text_space=\u00bbfontspace-781688&#8243;]<strong>7. LEGISLACI\u00d3N<\/strong>[\/vc_custom_heading][vc_column_text]<\/p>\n<p class=\"p2\">El presente Aviso Legal se rige en todos y cada uno de sus extremos por la ley espa\u00f1ola.<\/p>\n<p>[\/vc_column_text][\/vc_column][\/vc_row]<\/p>\n","protected":false},"excerpt":{"rendered":"<p>[vc_row row_height_percent=\u00bb0&#8243; override_padding=\u00bbyes\u00bb h_padding=\u00bb7&#8243; top_padding=\u00bb3&#8243; bottom_padding=\u00bb2&#8243; overlay_alpha=\u00bb50&#8243; gutter_size=\u00bb3&#8243; column_width_percent=\u00bb100&#8243; shift_y=\u00bb0&#8243; z_index=\u00bb0&#8243;][vc_column column_width_percent=\u00bb100&#8243; gutter_size=\u00bb3&#8243; overlay_alpha=\u00bb50&#8243; shift_x=\u00bb0&#8243; shift_y=\u00bb0&#8243; z_index=\u00bb0&#8243; medium_width=\u00bb0&#8243;][vc_custom_heading text_size=\u00bbh4&#8243; text_weight=\u00bb800&#8243; [&hellip;]<\/p>\n","protected":false},"author":1,"featured_media":0,"parent":0,"menu_order":0,"comment_status":"closed","ping_status":"closed","template":"","meta":{"inline_featured_image":false,"footnotes":""},"class_list":["post-3","page","type-page","status-publish","hentry"],"yoast_head":"<!-- This site is optimized with the Yoast SEO plugin v27.1 - https:\/\/yoast.com\/product\/yoast-seo-wordpress\/ -->\n<title>Privacy Policy - Block Real Estate<\/title>\n<meta name=\"robots\" content=\"index, follow, max-snippet:-1, max-image-preview:large, max-video-preview:-1\" \/>\n<link rel=\"canonical\" href=\"https:\/\/blockrealestatebcn.com\/index.php\/privacy-policy\/\" \/>\n<meta property=\"og:locale\" content=\"es_ES\" \/>\n<meta property=\"og:type\" content=\"article\" \/>\n<meta property=\"og:title\" content=\"Privacy Policy - Block Real Estate\" \/>\n<meta property=\"og:description\" content=\"[vc_row row_height_percent=\u00bb0&#8243; override_padding=\u00bbyes\u00bb h_padding=\u00bb7&#8243; top_padding=\u00bb3&#8243; bottom_padding=\u00bb2&#8243; overlay_alpha=\u00bb50&#8243; gutter_size=\u00bb3&#8243; column_width_percent=\u00bb100&#8243; shift_y=\u00bb0&#8243; z_index=\u00bb0&#8243;][vc_column column_width_percent=\u00bb100&#8243; gutter_size=\u00bb3&#8243; overlay_alpha=\u00bb50&#8243; shift_x=\u00bb0&#8243; shift_y=\u00bb0&#8243; z_index=\u00bb0&#8243; medium_width=\u00bb0&#8243;][vc_custom_heading text_size=\u00bbh4&#8243; text_weight=\u00bb800&#8243; [&hellip;]\" \/>\n<meta property=\"og:url\" content=\"https:\/\/blockrealestatebcn.com\/index.php\/privacy-policy\/\" \/>\n<meta property=\"og:site_name\" content=\"Block Real Estate\" \/>\n<meta property=\"article:modified_time\" content=\"2021-03-25T21:02:40+00:00\" \/>\n<meta name=\"twitter:card\" content=\"summary_large_image\" \/>\n<meta name=\"twitter:label1\" content=\"Tiempo de lectura\" \/>\n\t<meta name=\"twitter:data1\" content=\"6 minutos\" \/>\n<script type=\"application\/ld+json\" class=\"yoast-schema-graph\">{\"@context\":\"https:\/\/schema.org\",\"@graph\":[{\"@type\":\"WebPage\",\"@id\":\"https:\/\/blockrealestatebcn.com\/index.php\/privacy-policy\/\",\"url\":\"https:\/\/blockrealestatebcn.com\/index.php\/privacy-policy\/\",\"name\":\"Privacy Policy - Block Real Estate\",\"isPartOf\":{\"@id\":\"https:\/\/blockrealestatebcn.com\/#website\"},\"datePublished\":\"2021-03-25T13:28:43+00:00\",\"dateModified\":\"2021-03-25T21:02:40+00:00\",\"breadcrumb\":{\"@id\":\"https:\/\/blockrealestatebcn.com\/index.php\/privacy-policy\/#breadcrumb\"},\"inLanguage\":\"es\",\"potentialAction\":[{\"@type\":\"ReadAction\",\"target\":[\"https:\/\/blockrealestatebcn.com\/index.php\/privacy-policy\/\"]}]},{\"@type\":\"BreadcrumbList\",\"@id\":\"https:\/\/blockrealestatebcn.com\/index.php\/privacy-policy\/#breadcrumb\",\"itemListElement\":[{\"@type\":\"ListItem\",\"position\":1,\"name\":\"Portada\",\"item\":\"https:\/\/blockrealestatebcn.com\/\"},{\"@type\":\"ListItem\",\"position\":2,\"name\":\"Privacy Policy\"}]},{\"@type\":\"WebSite\",\"@id\":\"https:\/\/blockrealestatebcn.com\/#website\",\"url\":\"https:\/\/blockrealestatebcn.com\/\",\"name\":\"Block Real Estate\",\"description\":\"Gesti\u00f3n e Inversi\u00f3n de Immobiliaria en Barcelona\",\"potentialAction\":[{\"@type\":\"SearchAction\",\"target\":{\"@type\":\"EntryPoint\",\"urlTemplate\":\"https:\/\/blockrealestatebcn.com\/?s={search_term_string}\"},\"query-input\":{\"@type\":\"PropertyValueSpecification\",\"valueRequired\":true,\"valueName\":\"search_term_string\"}}],\"inLanguage\":\"es\"}]}<\/script>\n<!-- \/ Yoast SEO plugin. -->","yoast_head_json":{"title":"Privacy Policy - Block Real Estate","robots":{"index":"index","follow":"follow","max-snippet":"max-snippet:-1","max-image-preview":"max-image-preview:large","max-video-preview":"max-video-preview:-1"},"canonical":"https:\/\/blockrealestatebcn.com\/index.php\/privacy-policy\/","og_locale":"es_ES","og_type":"article","og_title":"Privacy Policy - Block Real Estate","og_description":"[vc_row row_height_percent=\u00bb0&#8243; override_padding=\u00bbyes\u00bb h_padding=\u00bb7&#8243; top_padding=\u00bb3&#8243; bottom_padding=\u00bb2&#8243; overlay_alpha=\u00bb50&#8243; gutter_size=\u00bb3&#8243; column_width_percent=\u00bb100&#8243; shift_y=\u00bb0&#8243; z_index=\u00bb0&#8243;][vc_column column_width_percent=\u00bb100&#8243; gutter_size=\u00bb3&#8243; overlay_alpha=\u00bb50&#8243; shift_x=\u00bb0&#8243; shift_y=\u00bb0&#8243; z_index=\u00bb0&#8243; medium_width=\u00bb0&#8243;][vc_custom_heading text_size=\u00bbh4&#8243; text_weight=\u00bb800&#8243; [&hellip;]","og_url":"https:\/\/blockrealestatebcn.com\/index.php\/privacy-policy\/","og_site_name":"Block Real Estate","article_modified_time":"2021-03-25T21:02:40+00:00","twitter_card":"summary_large_image","twitter_misc":{"Tiempo de lectura":"6 minutos"},"schema":{"@context":"https:\/\/schema.org","@graph":[{"@type":"WebPage","@id":"https:\/\/blockrealestatebcn.com\/index.php\/privacy-policy\/","url":"https:\/\/blockrealestatebcn.com\/index.php\/privacy-policy\/","name":"Privacy Policy - Block Real Estate","isPartOf":{"@id":"https:\/\/blockrealestatebcn.com\/#website"},"datePublished":"2021-03-25T13:28:43+00:00","dateModified":"2021-03-25T21:02:40+00:00","breadcrumb":{"@id":"https:\/\/blockrealestatebcn.com\/index.php\/privacy-policy\/#breadcrumb"},"inLanguage":"es","potentialAction":[{"@type":"ReadAction","target":["https:\/\/blockrealestatebcn.com\/index.php\/privacy-policy\/"]}]},{"@type":"BreadcrumbList","@id":"https:\/\/blockrealestatebcn.com\/index.php\/privacy-policy\/#breadcrumb","itemListElement":[{"@type":"ListItem","position":1,"name":"Portada","item":"https:\/\/blockrealestatebcn.com\/"},{"@type":"ListItem","position":2,"name":"Privacy Policy"}]},{"@type":"WebSite","@id":"https:\/\/blockrealestatebcn.com\/#website","url":"https:\/\/blockrealestatebcn.com\/","name":"Block Real Estate","description":"Gesti\u00f3n e Inversi\u00f3n de Immobiliaria en Barcelona","potentialAction":[{"@type":"SearchAction","target":{"@type":"EntryPoint","urlTemplate":"https:\/\/blockrealestatebcn.com\/?s={search_term_string}"},"query-input":{"@type":"PropertyValueSpecification","valueRequired":true,"valueName":"search_term_string"}}],"inLanguage":"es"}]}},"_links":{"self":[{"href":"https:\/\/blockrealestatebcn.com\/index.php\/wp-json\/wp\/v2\/pages\/3","targetHints":{"allow":["GET"]}}],"collection":[{"href":"https:\/\/blockrealestatebcn.com\/index.php\/wp-json\/wp\/v2\/pages"}],"about":[{"href":"https:\/\/blockrealestatebcn.com\/index.php\/wp-json\/wp\/v2\/types\/page"}],"author":[{"embeddable":true,"href":"https:\/\/blockrealestatebcn.com\/index.php\/wp-json\/wp\/v2\/users\/1"}],"replies":[{"embeddable":true,"href":"https:\/\/blockrealestatebcn.com\/index.php\/wp-json\/wp\/v2\/comments?post=3"}],"version-history":[{"count":2,"href":"https:\/\/blockrealestatebcn.com\/index.php\/wp-json\/wp\/v2\/pages\/3\/revisions"}],"predecessor-version":[{"id":88436,"href":"https:\/\/blockrealestatebcn.com\/index.php\/wp-json\/wp\/v2\/pages\/3\/revisions\/88436"}],"wp:attachment":[{"href":"https:\/\/blockrealestatebcn.com\/index.php\/wp-json\/wp\/v2\/media?parent=3"}],"curies":[{"name":"wp","href":"https:\/\/api.w.org\/{rel}","templated":true}]}}